{"id":590,"date":"2025-11-18T20:06:31","date_gmt":"2025-11-18T20:06:31","guid":{"rendered":"https:\/\/drumstage.comercioperemaria.com\/?post_type=product&#038;p=590"},"modified":"2025-11-18T20:06:32","modified_gmt":"2025-11-18T20:06:32","slug":"toalla-de-limpieza-drum-stage","status":"publish","type":"product","link":"https:\/\/drumstage.comercioperemaria.com\/en\/product\/toalla-de-limpieza-drum-stage\/","title":{"rendered":"Toalla de limpieza Drum Stage"},"content":{"rendered":"<p data-start=\"3213\" data-end=\"3693\">Este pa\u00f1o de microfibra Drum Stage est\u00e1 dise\u00f1ado para mantener tus instrumentos y accesorios en perfecto estado. Su tela suave elimina polvo, sudor y huellas sin rayar superficies, lo que lo hace ideal para platos, baquetas, herrajes y cualquier parte de tu bater\u00eda. Adem\u00e1s, se seca r\u00e1pido y ocupa muy poco espacio, por lo que puedes llevarlo f\u00e1cilmente en tu funda o mochila. Es un accesorio indispensable para quienes cuidan su equipo y buscan alargar su vida \u00fatil.<\/p>\n<p data-start=\"3213\" data-end=\"3693\">","protected":false},"excerpt":{"rendered":"<p>Toalla de microfibra para limpiar tu sudor o baquetas, platos y accesorios.<\/p>","protected":false},"featured_media":591,"comment_status":"open","ping_status":"closed","template":"","meta":[],"product_brand":[],"product_cat":[28],"product_tag":[],"class_list":{"0":"post-590","1":"product","2":"type-product","3":"status-publish","4":"has-post-thumbnail","6":"product_cat-complementos","8":"first","9":"instock","10":"shipping-taxable","11":"purchasable","12":"product-type-simple"},"yoast_head":"<!-- This site is optimized with the Yoast SEO plugin v26.3 - https:\/\/yoast.com\/wordpress\/plugins\/seo\/ -->\n<title>Toalla de limpieza Drum Stage - Drum Stage<\/title>\n<meta name=\"description\" content=\"Toalla de limpieza Drum Stage hecha de microfibra para limpiar tu sudor o baquetas, platos y accesorios. M\u00e1s productos en la web.\" \/>\n<meta name=\"robots\" content=\"index, follow, max-snippet:-1, max-image-preview:large, max-video-preview:-1\" \/>\n<link rel=\"canonical\" href=\"https:\/\/drumstage.comercioperemaria.com\/en\/product\/toalla-de-limpieza-drum-stage\/\" \/>\n<meta property=\"og:locale\" content=\"en_GB\" \/>\n<meta property=\"og:type\" content=\"article\" \/>\n<meta property=\"og:title\" content=\"Toalla de limpieza Drum Stage - Drum Stage\" \/>\n<meta property=\"og:description\" content=\"Toalla de limpieza Drum Stage hecha de microfibra para limpiar tu sudor o baquetas, platos y accesorios. M\u00e1s productos en la web.\" \/>\n<meta property=\"og:url\" content=\"https:\/\/drumstage.comercioperemaria.com\/en\/product\/toalla-de-limpieza-drum-stage\/\" \/>\n<meta property=\"og:site_name\" content=\"Drum Stage\" \/>\n<meta property=\"article:modified_time\" content=\"2025-11-18T20:06:32+00:00\" \/>\n<meta property=\"og:image\" content=\"https:\/\/drumstage.comercioperemaria.com\/wp-content\/uploads\/2025\/11\/PANO-DRUMSTAGE-1.png\" \/>\n\t<meta property=\"og:image:width\" content=\"1080\" \/>\n\t<meta property=\"og:image:height\" content=\"1080\" \/>\n\t<meta property=\"og:image:type\" content=\"image\/png\" \/>\n<meta name=\"twitter:card\" content=\"summary_large_image\" \/>\n<meta name=\"twitter:label1\" content=\"Estimated reading time\" \/>\n\t<meta name=\"twitter:data1\" content=\"1 minute\" \/>\n<script type=\"application\/ld+json\" class=\"yoast-schema-graph\">{\"@context\":\"https:\/\/schema.org\",\"@graph\":[{\"@type\":\"WebPage\",\"@id\":\"https:\/\/drumstage.comercioperemaria.com\/producto\/toalla-de-limpieza-drum-stage\/\",\"url\":\"https:\/\/drumstage.comercioperemaria.com\/producto\/toalla-de-limpieza-drum-stage\/\",\"name\":\"Toalla de limpieza Drum Stage - Drum Stage\",\"isPartOf\":{\"@id\":\"https:\/\/drumstage.comercioperemaria.com\/#website\"},\"primaryImageOfPage\":{\"@id\":\"https:\/\/drumstage.comercioperemaria.com\/producto\/toalla-de-limpieza-drum-stage\/#primaryimage\"},\"image\":{\"@id\":\"https:\/\/drumstage.comercioperemaria.com\/producto\/toalla-de-limpieza-drum-stage\/#primaryimage\"},\"thumbnailUrl\":\"https:\/\/drumstage.comercioperemaria.com\/wp-content\/uploads\/2025\/11\/PANO-DRUMSTAGE-1.png\",\"datePublished\":\"2025-11-18T20:06:31+00:00\",\"dateModified\":\"2025-11-18T20:06:32+00:00\",\"description\":\"Toalla de limpieza Drum Stage hecha de microfibra para limpiar tu sudor o baquetas, platos y accesorios. M\u00e1s productos en la web.\",\"breadcrumb\":{\"@id\":\"https:\/\/drumstage.comercioperemaria.com\/producto\/toalla-de-limpieza-drum-stage\/#breadcrumb\"},\"inLanguage\":\"en-GB\",\"potentialAction\":[{\"@type\":\"ReadAction\",\"target\":[\"https:\/\/drumstage.comercioperemaria.com\/producto\/toalla-de-limpieza-drum-stage\/\"]}]},{\"@type\":\"ImageObject\",\"inLanguage\":\"en-GB\",\"@id\":\"https:\/\/drumstage.comercioperemaria.com\/producto\/toalla-de-limpieza-drum-stage\/#primaryimage\",\"url\":\"https:\/\/drumstage.comercioperemaria.com\/wp-content\/uploads\/2025\/11\/PANO-DRUMSTAGE-1.png\",\"contentUrl\":\"https:\/\/drumstage.comercioperemaria.com\/wp-content\/uploads\/2025\/11\/PANO-DRUMSTAGE-1.png\",\"width\":1080,\"height\":1080,\"caption\":\"Toalla de limpieza Drum Stage\"},{\"@type\":\"BreadcrumbList\",\"@id\":\"https:\/\/drumstage.comercioperemaria.com\/producto\/toalla-de-limpieza-drum-stage\/#breadcrumb\",\"itemListElement\":[{\"@type\":\"ListItem\",\"position\":1,\"name\":\"Portada\",\"item\":\"https:\/\/drumstage.comercioperemaria.com\/\"},{\"@type\":\"ListItem\",\"position\":2,\"name\":\"Productos\",\"item\":\"https:\/\/drumstage.comercioperemaria.com\/tienda\/\"},{\"@type\":\"ListItem\",\"position\":3,\"name\":\"Toalla de limpieza Drum Stage\"}]},{\"@type\":\"WebSite\",\"@id\":\"https:\/\/drumstage.comercioperemaria.com\/#website\",\"url\":\"https:\/\/drumstage.comercioperemaria.com\/\",\"name\":\"Drum Stage\",\"description\":\"Libera tu ritmo interior\",\"publisher\":{\"@id\":\"https:\/\/drumstage.comercioperemaria.com\/#organization\"},\"potentialAction\":[{\"@type\":\"SearchAction\",\"target\":{\"@type\":\"EntryPoint\",\"urlTemplate\":\"https:\/\/drumstage.comercioperemaria.com\/?s={search_term_string}\"},\"query-input\":{\"@type\":\"PropertyValueSpecification\",\"valueRequired\":true,\"valueName\":\"search_term_string\"}}],\"inLanguage\":\"en-GB\"},{\"@type\":\"Organization\",\"@id\":\"https:\/\/drumstage.comercioperemaria.com\/#organization\",\"name\":\"Drum Stage\",\"url\":\"https:\/\/drumstage.comercioperemaria.com\/\",\"logo\":{\"@type\":\"ImageObject\",\"inLanguage\":\"en-GB\",\"@id\":\"https:\/\/drumstage.comercioperemaria.com\/#\/schema\/logo\/image\/\",\"url\":\"https:\/\/drumstage.comercioperemaria.com\/wp-content\/uploads\/2024\/11\/logo-ads.png\",\"contentUrl\":\"https:\/\/drumstage.comercioperemaria.com\/wp-content\/uploads\/2024\/11\/logo-ads.png\",\"width\":2956,\"height\":2956,\"caption\":\"Drum Stage\"},\"image\":{\"@id\":\"https:\/\/drumstage.comercioperemaria.com\/#\/schema\/logo\/image\/\"}}]}<\/script>\n<!-- \/ Yoast SEO plugin. -->","yoast_head_json":{"title":"Toalla de limpieza Drum Stage - Drum Stage","description":"Toalla de limpieza Drum Stage hecha de microfibra para limpiar tu sudor o baquetas, platos y accesorios. M\u00e1s productos en la web.","robots":{"index":"index","follow":"follow","max-snippet":"max-snippet:-1","max-image-preview":"max-image-preview:large","max-video-preview":"max-video-preview:-1"},"canonical":"https:\/\/drumstage.comercioperemaria.com\/en\/product\/toalla-de-limpieza-drum-stage\/","og_locale":"en_GB","og_type":"article","og_title":"Toalla de limpieza Drum Stage - Drum Stage","og_description":"Toalla de limpieza Drum Stage hecha de microfibra para limpiar tu sudor o baquetas, platos y accesorios. M\u00e1s productos en la web.","og_url":"https:\/\/drumstage.comercioperemaria.com\/en\/product\/toalla-de-limpieza-drum-stage\/","og_site_name":"Drum Stage","article_modified_time":"2025-11-18T20:06:32+00:00","og_image":[{"width":1080,"height":1080,"url":"https:\/\/drumstage.comercioperemaria.com\/wp-content\/uploads\/2025\/11\/PANO-DRUMSTAGE-1.png","type":"image\/png"}],"twitter_card":"summary_large_image","twitter_misc":{"Estimated reading time":"1 minute"},"schema":{"@context":"https:\/\/schema.org","@graph":[{"@type":"WebPage","@id":"https:\/\/drumstage.comercioperemaria.com\/producto\/toalla-de-limpieza-drum-stage\/","url":"https:\/\/drumstage.comercioperemaria.com\/producto\/toalla-de-limpieza-drum-stage\/","name":"Toalla de limpieza Drum Stage - Drum Stage","isPartOf":{"@id":"https:\/\/drumstage.comercioperemaria.com\/#website"},"primaryImageOfPage":{"@id":"https:\/\/drumstage.comercioperemaria.com\/producto\/toalla-de-limpieza-drum-stage\/#primaryimage"},"image":{"@id":"https:\/\/drumstage.comercioperemaria.com\/producto\/toalla-de-limpieza-drum-stage\/#primaryimage"},"thumbnailUrl":"https:\/\/drumstage.comercioperemaria.com\/wp-content\/uploads\/2025\/11\/PANO-DRUMSTAGE-1.png","datePublished":"2025-11-18T20:06:31+00:00","dateModified":"2025-11-18T20:06:32+00:00","description":"Toalla de limpieza Drum Stage hecha de microfibra para limpiar tu sudor o baquetas, platos y accesorios. M\u00e1s productos en la web.","breadcrumb":{"@id":"https:\/\/drumstage.comercioperemaria.com\/producto\/toalla-de-limpieza-drum-stage\/#breadcrumb"},"inLanguage":"en-GB","potentialAction":[{"@type":"ReadAction","target":["https:\/\/drumstage.comercioperemaria.com\/producto\/toalla-de-limpieza-drum-stage\/"]}]},{"@type":"ImageObject","inLanguage":"en-GB","@id":"https:\/\/drumstage.comercioperemaria.com\/producto\/toalla-de-limpieza-drum-stage\/#primaryimage","url":"https:\/\/drumstage.comercioperemaria.com\/wp-content\/uploads\/2025\/11\/PANO-DRUMSTAGE-1.png","contentUrl":"https:\/\/drumstage.comercioperemaria.com\/wp-content\/uploads\/2025\/11\/PANO-DRUMSTAGE-1.png","width":1080,"height":1080,"caption":"Toalla de limpieza Drum Stage"},{"@type":"BreadcrumbList","@id":"https:\/\/drumstage.comercioperemaria.com\/producto\/toalla-de-limpieza-drum-stage\/#breadcrumb","itemListElement":[{"@type":"ListItem","position":1,"name":"Portada","item":"https:\/\/drumstage.comercioperemaria.com\/"},{"@type":"ListItem","position":2,"name":"Productos","item":"https:\/\/drumstage.comercioperemaria.com\/tienda\/"},{"@type":"ListItem","position":3,"name":"Toalla de limpieza Drum Stage"}]},{"@type":"WebSite","@id":"https:\/\/drumstage.comercioperemaria.com\/#website","url":"https:\/\/drumstage.comercioperemaria.com\/","name":"Drum Stage","description":"Free your inner rithym","publisher":{"@id":"https:\/\/drumstage.comercioperemaria.com\/#organization"},"potentialAction":[{"@type":"SearchAction","target":{"@type":"EntryPoint","urlTemplate":"https:\/\/drumstage.comercioperemaria.com\/?s={search_term_string}"},"query-input":{"@type":"PropertyValueSpecification","valueRequired":true,"valueName":"search_term_string"}}],"inLanguage":"en-GB"},{"@type":"Organization","@id":"https:\/\/drumstage.comercioperemaria.com\/#organization","name":"Drum Stage","url":"https:\/\/drumstage.comercioperemaria.com\/","logo":{"@type":"ImageObject","inLanguage":"en-GB","@id":"https:\/\/drumstage.comercioperemaria.com\/#\/schema\/logo\/image\/","url":"https:\/\/drumstage.comercioperemaria.com\/wp-content\/uploads\/2024\/11\/logo-ads.png","contentUrl":"https:\/\/drumstage.comercioperemaria.com\/wp-content\/uploads\/2024\/11\/logo-ads.png","width":2956,"height":2956,"caption":"Drum Stage"},"image":{"@id":"https:\/\/drumstage.comercioperemaria.com\/#\/schema\/logo\/image\/"}}]}},"_links":{"self":[{"href":"https:\/\/drumstage.comercioperemaria.com\/en\/wp-json\/wp\/v2\/product\/590","targetHints":{"allow":["GET"]}}],"collection":[{"href":"https:\/\/drumstage.comercioperemaria.com\/en\/wp-json\/wp\/v2\/product"}],"about":[{"href":"https:\/\/drumstage.comercioperemaria.com\/en\/wp-json\/wp\/v2\/types\/product"}],"replies":[{"embeddable":true,"href":"https:\/\/drumstage.comercioperemaria.com\/en\/wp-json\/wp\/v2\/comments?post=590"}],"wp:featuredmedia":[{"embeddable":true,"href":"https:\/\/drumstage.comercioperemaria.com\/en\/wp-json\/wp\/v2\/media\/591"}],"wp:attachment":[{"href":"https:\/\/drumstage.comercioperemaria.com\/en\/wp-json\/wp\/v2\/media?parent=590"}],"wp:term":[{"taxonomy":"product_brand","embeddable":true,"href":"https:\/\/drumstage.comercioperemaria.com\/en\/wp-json\/wp\/v2\/product_brand?post=590"},{"taxonomy":"product_cat","embeddable":true,"href":"https:\/\/drumstage.comercioperemaria.com\/en\/wp-json\/wp\/v2\/product_cat?post=590"},{"taxonomy":"product_tag","embeddable":true,"href":"https:\/\/drumstage.comercioperemaria.com\/en\/wp-json\/wp\/v2\/product_tag?post=590"}],"curies":[{"name":"wp","href":"https:\/\/api.w.org\/{rel}","templated":true}]}}