{"id":19,"date":"2024-10-20T14:18:17","date_gmt":"2024-10-20T14:18:17","guid":{"rendered":"https:\/\/drumstage.comercioperemaria.com\/blog\/"},"modified":"2025-10-22T17:08:08","modified_gmt":"2025-10-22T17:08:08","slug":"la-musica","status":"publish","type":"page","link":"https:\/\/drumstage.comercioperemaria.com\/en\/la-musica\/","title":{"rendered":"Blog"},"content":{"rendered":"<div data-elementor-type=\"wp-page\" data-elementor-id=\"19\" class=\"elementor elementor-19\">\n\t\t\t\t<div class=\"elementor-element elementor-element-8fcb540 e-flex e-con-boxed wpr-particle-no wpr-jarallax-no wpr-parallax-no wpr-sticky-section-no e-con e-parent\" data-id=\"8fcb540\" data-element_type=\"container\">\n\t\t\t\t\t<div class=\"e-con-inner\">\n\t\t\t\t<div class=\"elementor-element elementor-element-f82f547 wpr-dual-heading-default elementor-widget elementor-widget-wpr-dual-color-heading\" data-id=\"f82f547\" data-element_type=\"widget\" data-widget_type=\"wpr-dual-color-heading.default\">\n\t\t\t\t<div class=\"elementor-widget-container\">\n\t\t\t\t\t\t\t\t<div class=\"wpr-dual-heading-wrap\">\n\t\t\t\t<div class=\"wpr-dual-title-wrap\">\n\t\t\t\t\t<h1 class=\"wpr-dual-title\">\n\t\t\t\t\t\t\t\t\t\t\t<span class=\"first\">Bienvenido<\/span>\n\t\t\t\t\t\t\t\t\t\t\n\t\t\t\t\t\t\t\t\t\t\t<span class=\"second\">a nuestro blog<\/span>\n\t\t\t\t\t\t\t\t\t\t<\/h1>\n\t\t\t\t<\/div>\n\t\t\t\t\n\t\t\t\t\t\t\t\t\t<div class=\"wpr-dual-heading-description\" >Un espacio para conectar con Drum-Stage<\/div>\n\t\t\t\t\n\t\t\t\t\t\t\t\t\t<div class=\"wpr-dual-heading-icon-wrap\">\n\t\t\t\t\t\t\t\t\t\t\t<\/div>\n\t\t\t\t\n\t\t\t<\/div>\n\t\t\t\t\t\t<\/div>\n\t\t\t\t<\/div>\n\t\t\t\t\t<\/div>\n\t\t\t\t<\/div>\n\t\t<div class=\"elementor-element elementor-element-d6f6187 e-flex e-con-boxed wpr-particle-no wpr-jarallax-no wpr-parallax-no wpr-sticky-section-no e-con e-parent\" data-id=\"d6f6187\" data-element_type=\"container\">\n\t\t\t\t\t<div class=\"e-con-inner\">\n\t\t\t\t<div class=\"elementor-element elementor-element-a0c40bc elementor-widget__width-inherit wpr-list-style-none elementor-invisible elementor-widget elementor-widget-wpr-posts-timeline\" data-id=\"a0c40bc\" data-element_type=\"widget\" data-settings=\"{&quot;_animation&quot;:&quot;fadeInUp&quot;,&quot;swiper_speed&quot;:500,&quot;excerpt_count&quot;:10}\" data-widget_type=\"wpr-posts-timeline.default\">\n\t\t\t\t<div class=\"elementor-widget-container\">\n\t\t\t\t\t<div class=\"wpr-timeline-outer-container\"><div class=\"wpr-wrapper swiper wpr-horizontal\" dir=\"\" data-slidestoshow = \"3\" data-autoplay=\"\"  data-loop=\"\" data-swiper-speed=\"500\" data-swiper-delay=\"0\" data-swiper-poh=\"\" data-swiper-space-between=\"5\">\n\t\t\t\t\t<div class=\"wpr-horizontal-timeline swiper-wrapper\"><div class=\"swiper-slide  swiper-slide-line-bottom  no\"><div class=\"wpr-story-info\"><div class=\"wpr-timeline-content-wrapper\"><div class=\"wpr-title-wrap\"><a href=\"https:\/\/drumstage.comercioperemaria.com\/en\/beneficios-blog\/\"><span class=\"wpr-title\">Playing the drums and its benefits<\/span><\/a><\/div><div class=\"wpr-inner-date-label\">January 18, 2025<\/div><div class=\"wpr-description\">Coge las baquetas y Mejora tu salud An\u00edmate a tocar&hellip;<\/div><div class=\"wpr-read-more-wrap\"><a class=\"wpr-read-more-button\" href=\"https:\/\/drumstage.comercioperemaria.com\/en\/beneficios-blog\/\">Leer m\u00e1s<\/a><\/div><\/div><div class=\"wpr-animation-wrap wpr-timeline-media\">\n\t\t\t\t\t\t <img decoding=\"async\" class=\"wpr-thumbnail-image\" src=\"https:\/\/drumstage.comercioperemaria.com\/wp-content\/uploads\/2025\/01\/14709-300x300.jpg\">\n\t\t\t\t\t\t<\/div><\/div><div class=\"wpr-extra-label\"><span class=\"wpr-label\">January 18, 2025<\/span><\/div><div class=\"wpr-main-line-icon wpr-icon\"><i aria-hidden=\"true\" class=\"fab fa-apple\"><\/i><\/div><\/div><div class=\"swiper-slide  swiper-slide-line-bottom  no\"><div class=\"wpr-story-info\"><div class=\"wpr-timeline-content-wrapper\"><div class=\"wpr-title-wrap\"><a href=\"https:\/\/drumstage.comercioperemaria.com\/en\/blog-whiplash\/\"><span class=\"wpr-title\">Whiplash, a masterpiece<\/span><\/a><\/div><div class=\"wpr-inner-date-label\">January 18, 2025<\/div><div class=\"wpr-description\">La complejidad de whiplash ser m\u00fasico | \u00bfEs Whiplash una&hellip;<\/div><div class=\"wpr-read-more-wrap\"><a class=\"wpr-read-more-button\" href=\"https:\/\/drumstage.comercioperemaria.com\/en\/blog-whiplash\/\">Leer m\u00e1s<\/a><\/div><\/div><div class=\"wpr-animation-wrap wpr-timeline-media\">\n\t\t\t\t\t\t <img decoding=\"async\" class=\"wpr-thumbnail-image\" src=\"https:\/\/drumstage.comercioperemaria.com\/wp-content\/uploads\/2024\/12\/baruk-granda-eapx7ukkxHc-unsplash-scaled-300x300.jpg\">\n\t\t\t\t\t\t<\/div><\/div><div class=\"wpr-extra-label\"><span class=\"wpr-label\">January 18, 2025<\/span><\/div><div class=\"wpr-main-line-icon wpr-icon\"><i aria-hidden=\"true\" class=\"fab fa-apple\"><\/i><\/div><\/div><div class=\"swiper-slide  swiper-slide-line-bottom  no\"><div class=\"wpr-story-info\"><div class=\"wpr-timeline-content-wrapper\"><div class=\"wpr-title-wrap\"><a href=\"https:\/\/drumstage.comercioperemaria.com\/en\/bateristas-referentes-blog\/\"><span class=\"wpr-title\">Leading artists<\/span><\/a><\/div><div class=\"wpr-inner-date-label\">January 16, 2025<\/div><div class=\"wpr-description\">Los favoritos DE drum-stage | Bateristas que nos inspiran: Tres&hellip;<\/div><div class=\"wpr-read-more-wrap\"><a class=\"wpr-read-more-button\" href=\"https:\/\/drumstage.comercioperemaria.com\/en\/bateristas-referentes-blog\/\">Leer m\u00e1s<\/a><\/div><\/div><div class=\"wpr-animation-wrap wpr-timeline-media\">\n\t\t\t\t\t\t <img decoding=\"async\" class=\"wpr-thumbnail-image\" src=\"https:\/\/drumstage.comercioperemaria.com\/wp-content\/uploads\/2024\/10\/nicholas-jeffries-AXF3tTjgjpA-unsplash-scaled-300x300.jpg\">\n\t\t\t\t\t\t<\/div><\/div><div class=\"wpr-extra-label\"><span class=\"wpr-label\">January 16, 2025<\/span><\/div><div class=\"wpr-main-line-icon wpr-icon\"><i aria-hidden=\"true\" class=\"fab fa-apple\"><\/i><\/div><\/div><\/div>\n\t\t\t<!-- Add Pagination -->        \n\t\t\t<div class=\"wpr-swiper-pagination\"><\/div>\n\t\t\t<!-- Add Arrows -->\n\t\t\t<div class=\"wpr-button-prev wpr-timeline-prev-arrow wpr-timeline-prev-a0c40bc\">\n\t\t\t\t<i class=\"fas fa-angle-left\"><\/i>\n\t\t\t<\/div>\n\t\t\t<div class=\"wpr-button-next wpr-timeline-next-arrow wpr-timeline-next-a0c40bc\">\n\t\t\t\t<i class=\"fas fa-angle-left\"><\/i>\n\t\t\t<\/div>\n\t\t<\/div><\/div>\t\t\t\t<\/div>\n\t\t\t\t<\/div>\n\t\t\t\t\t<\/div>\n\t\t\t\t<\/div>\n\t\t\t\t<\/div>","protected":false},"excerpt":{"rendered":"<p>Bienvenido a nuestro blog Un espacio para conectar con Drum-Stage Tocar la bater\u00eda y sus beneficios enero 18, 2025Coge las baquetas y Mejora tu salud An\u00edmate a tocar&hellip;Leer m\u00e1s enero 18, 2025 Whiplash, una obra maestra enero 18, 2025La complejidad de whiplash ser m\u00fasico | \u00bfEs Whiplash una&hellip;Leer m\u00e1s enero 18, 2025 Artistas referentes enero 16, 2025Los favoritos DE drum-stage | Bateristas que nos inspiran: Tres&hellip;Leer m\u00e1s enero 16, 2025<\/p>","protected":false},"author":1,"featured_media":0,"parent":0,"menu_order":0,"comment_status":"open","ping_status":"closed","template":"","meta":{"footnotes":""},"class_list":["post-19","page","type-page","status-publish","hentry"],"yoast_head":"<!-- This site is optimized with the Yoast SEO plugin v26.3 - https:\/\/yoast.com\/wordpress\/plugins\/seo\/ -->\n<title>La era de la m\u00fasica-Blog<\/title>\n<meta name=\"description\" content=\"La m\u00fasica forma parte de nuestras vidas. Descubre como la evoluci\u00f3n de la m\u00fasica en estos a\u00f1os ha influenciado a nuestra sociedad.\" \/>\n<meta name=\"robots\" content=\"index, follow, max-snippet:-1, max-image-preview:large, max-video-preview:-1\" \/>\n<link rel=\"canonical\" href=\"https:\/\/drumstage.comercioperemaria.com\/en\/la-musica\/\" \/>\n<meta property=\"og:locale\" content=\"en_GB\" \/>\n<meta property=\"og:type\" content=\"article\" \/>\n<meta property=\"og:title\" content=\"La era de la m\u00fasica-Blog\" \/>\n<meta property=\"og:description\" content=\"La m\u00fasica forma parte de nuestras vidas. Descubre como la evoluci\u00f3n de la m\u00fasica en estos a\u00f1os ha influenciado a nuestra sociedad.\" \/>\n<meta property=\"og:url\" content=\"https:\/\/drumstage.comercioperemaria.com\/en\/la-musica\/\" \/>\n<meta property=\"og:site_name\" content=\"Drum Stage\" \/>\n<meta property=\"article:modified_time\" content=\"2025-10-22T17:08:08+00:00\" \/>\n<meta property=\"og:image\" content=\"https:\/\/drumstage.comercioperemaria.com\/wp-content\/uploads\/2025\/01\/14709-300x300.jpg\" \/>\n<meta name=\"twitter:card\" content=\"summary_large_image\" \/>\n<meta name=\"twitter:label1\" content=\"Estimated reading time\" \/>\n\t<meta name=\"twitter:data1\" content=\"1 minute\" \/>\n<script type=\"application\/ld+json\" class=\"yoast-schema-graph\">{\"@context\":\"https:\/\/schema.org\",\"@graph\":[{\"@type\":\"WebPage\",\"@id\":\"https:\/\/drumstage.comercioperemaria.com\/la-musica\/\",\"url\":\"https:\/\/drumstage.comercioperemaria.com\/la-musica\/\",\"name\":\"La era de la m\u00fasica-Blog\",\"isPartOf\":{\"@id\":\"https:\/\/drumstage.comercioperemaria.com\/#website\"},\"primaryImageOfPage\":{\"@id\":\"https:\/\/drumstage.comercioperemaria.com\/la-musica\/#primaryimage\"},\"image\":{\"@id\":\"https:\/\/drumstage.comercioperemaria.com\/la-musica\/#primaryimage\"},\"thumbnailUrl\":\"https:\/\/drumstage.comercioperemaria.com\/wp-content\/uploads\/2025\/01\/14709-300x300.jpg\",\"datePublished\":\"2024-10-20T14:18:17+00:00\",\"dateModified\":\"2025-10-22T17:08:08+00:00\",\"description\":\"La m\u00fasica forma parte de nuestras vidas. Descubre como la evoluci\u00f3n de la m\u00fasica en estos a\u00f1os ha influenciado a nuestra sociedad.\",\"breadcrumb\":{\"@id\":\"https:\/\/drumstage.comercioperemaria.com\/la-musica\/#breadcrumb\"},\"inLanguage\":\"en-GB\",\"potentialAction\":[{\"@type\":\"ReadAction\",\"target\":[\"https:\/\/drumstage.comercioperemaria.com\/la-musica\/\"]}]},{\"@type\":\"ImageObject\",\"inLanguage\":\"en-GB\",\"@id\":\"https:\/\/drumstage.comercioperemaria.com\/la-musica\/#primaryimage\",\"url\":\"https:\/\/drumstage.comercioperemaria.com\/wp-content\/uploads\/2025\/01\/14709-300x300.jpg\",\"contentUrl\":\"https:\/\/drumstage.comercioperemaria.com\/wp-content\/uploads\/2025\/01\/14709-300x300.jpg\"},{\"@type\":\"BreadcrumbList\",\"@id\":\"https:\/\/drumstage.comercioperemaria.com\/la-musica\/#breadcrumb\",\"itemListElement\":[{\"@type\":\"ListItem\",\"position\":1,\"name\":\"Portada\",\"item\":\"https:\/\/drumstage.comercioperemaria.com\/\"},{\"@type\":\"ListItem\",\"position\":2,\"name\":\"Blog\"}]},{\"@type\":\"WebSite\",\"@id\":\"https:\/\/drumstage.comercioperemaria.com\/#website\",\"url\":\"https:\/\/drumstage.comercioperemaria.com\/\",\"name\":\"Drum Stage\",\"description\":\"Libera tu ritmo interior\",\"publisher\":{\"@id\":\"https:\/\/drumstage.comercioperemaria.com\/#organization\"},\"potentialAction\":[{\"@type\":\"SearchAction\",\"target\":{\"@type\":\"EntryPoint\",\"urlTemplate\":\"https:\/\/drumstage.comercioperemaria.com\/?s={search_term_string}\"},\"query-input\":{\"@type\":\"PropertyValueSpecification\",\"valueRequired\":true,\"valueName\":\"search_term_string\"}}],\"inLanguage\":\"en-GB\"},{\"@type\":\"Organization\",\"@id\":\"https:\/\/drumstage.comercioperemaria.com\/#organization\",\"name\":\"Drum Stage\",\"url\":\"https:\/\/drumstage.comercioperemaria.com\/\",\"logo\":{\"@type\":\"ImageObject\",\"inLanguage\":\"en-GB\",\"@id\":\"https:\/\/drumstage.comercioperemaria.com\/#\/schema\/logo\/image\/\",\"url\":\"https:\/\/drumstage.comercioperemaria.com\/wp-content\/uploads\/2024\/11\/logo-ads.png\",\"contentUrl\":\"https:\/\/drumstage.comercioperemaria.com\/wp-content\/uploads\/2024\/11\/logo-ads.png\",\"width\":2956,\"height\":2956,\"caption\":\"Drum Stage\"},\"image\":{\"@id\":\"https:\/\/drumstage.comercioperemaria.com\/#\/schema\/logo\/image\/\"}}]}<\/script>\n<!-- \/ Yoast SEO plugin. -->","yoast_head_json":{"title":"La era de la m\u00fasica-Blog","description":"La m\u00fasica forma parte de nuestras vidas. Descubre como la evoluci\u00f3n de la m\u00fasica en estos a\u00f1os ha influenciado a nuestra sociedad.","robots":{"index":"index","follow":"follow","max-snippet":"max-snippet:-1","max-image-preview":"max-image-preview:large","max-video-preview":"max-video-preview:-1"},"canonical":"https:\/\/drumstage.comercioperemaria.com\/en\/la-musica\/","og_locale":"en_GB","og_type":"article","og_title":"La era de la m\u00fasica-Blog","og_description":"La m\u00fasica forma parte de nuestras vidas. Descubre como la evoluci\u00f3n de la m\u00fasica en estos a\u00f1os ha influenciado a nuestra sociedad.","og_url":"https:\/\/drumstage.comercioperemaria.com\/en\/la-musica\/","og_site_name":"Drum Stage","article_modified_time":"2025-10-22T17:08:08+00:00","og_image":[{"url":"https:\/\/drumstage.comercioperemaria.com\/wp-content\/uploads\/2025\/01\/14709-300x300.jpg","type":"","width":"","height":""}],"twitter_card":"summary_large_image","twitter_misc":{"Estimated reading time":"1 minute"},"schema":{"@context":"https:\/\/schema.org","@graph":[{"@type":"WebPage","@id":"https:\/\/drumstage.comercioperemaria.com\/la-musica\/","url":"https:\/\/drumstage.comercioperemaria.com\/la-musica\/","name":"La era de la m\u00fasica-Blog","isPartOf":{"@id":"https:\/\/drumstage.comercioperemaria.com\/#website"},"primaryImageOfPage":{"@id":"https:\/\/drumstage.comercioperemaria.com\/la-musica\/#primaryimage"},"image":{"@id":"https:\/\/drumstage.comercioperemaria.com\/la-musica\/#primaryimage"},"thumbnailUrl":"https:\/\/drumstage.comercioperemaria.com\/wp-content\/uploads\/2025\/01\/14709-300x300.jpg","datePublished":"2024-10-20T14:18:17+00:00","dateModified":"2025-10-22T17:08:08+00:00","description":"La m\u00fasica forma parte de nuestras vidas. Descubre como la evoluci\u00f3n de la m\u00fasica en estos a\u00f1os ha influenciado a nuestra sociedad.","breadcrumb":{"@id":"https:\/\/drumstage.comercioperemaria.com\/la-musica\/#breadcrumb"},"inLanguage":"en-GB","potentialAction":[{"@type":"ReadAction","target":["https:\/\/drumstage.comercioperemaria.com\/la-musica\/"]}]},{"@type":"ImageObject","inLanguage":"en-GB","@id":"https:\/\/drumstage.comercioperemaria.com\/la-musica\/#primaryimage","url":"https:\/\/drumstage.comercioperemaria.com\/wp-content\/uploads\/2025\/01\/14709-300x300.jpg","contentUrl":"https:\/\/drumstage.comercioperemaria.com\/wp-content\/uploads\/2025\/01\/14709-300x300.jpg"},{"@type":"BreadcrumbList","@id":"https:\/\/drumstage.comercioperemaria.com\/la-musica\/#breadcrumb","itemListElement":[{"@type":"ListItem","position":1,"name":"Portada","item":"https:\/\/drumstage.comercioperemaria.com\/"},{"@type":"ListItem","position":2,"name":"Blog"}]},{"@type":"WebSite","@id":"https:\/\/drumstage.comercioperemaria.com\/#website","url":"https:\/\/drumstage.comercioperemaria.com\/","name":"Drum Stage","description":"Free your inner rithym","publisher":{"@id":"https:\/\/drumstage.comercioperemaria.com\/#organization"},"potentialAction":[{"@type":"SearchAction","target":{"@type":"EntryPoint","urlTemplate":"https:\/\/drumstage.comercioperemaria.com\/?s={search_term_string}"},"query-input":{"@type":"PropertyValueSpecification","valueRequired":true,"valueName":"search_term_string"}}],"inLanguage":"en-GB"},{"@type":"Organization","@id":"https:\/\/drumstage.comercioperemaria.com\/#organization","name":"Drum Stage","url":"https:\/\/drumstage.comercioperemaria.com\/","logo":{"@type":"ImageObject","inLanguage":"en-GB","@id":"https:\/\/drumstage.comercioperemaria.com\/#\/schema\/logo\/image\/","url":"https:\/\/drumstage.comercioperemaria.com\/wp-content\/uploads\/2024\/11\/logo-ads.png","contentUrl":"https:\/\/drumstage.comercioperemaria.com\/wp-content\/uploads\/2024\/11\/logo-ads.png","width":2956,"height":2956,"caption":"Drum Stage"},"image":{"@id":"https:\/\/drumstage.comercioperemaria.com\/#\/schema\/logo\/image\/"}}]}},"_links":{"self":[{"href":"https:\/\/drumstage.comercioperemaria.com\/en\/wp-json\/wp\/v2\/pages\/19","targetHints":{"allow":["GET"]}}],"collection":[{"href":"https:\/\/drumstage.comercioperemaria.com\/en\/wp-json\/wp\/v2\/pages"}],"about":[{"href":"https:\/\/drumstage.comercioperemaria.com\/en\/wp-json\/wp\/v2\/types\/page"}],"author":[{"embeddable":true,"href":"https:\/\/drumstage.comercioperemaria.com\/en\/wp-json\/wp\/v2\/users\/1"}],"replies":[{"embeddable":true,"href":"https:\/\/drumstage.comercioperemaria.com\/en\/wp-json\/wp\/v2\/comments?post=19"}],"version-history":[{"count":28,"href":"https:\/\/drumstage.comercioperemaria.com\/en\/wp-json\/wp\/v2\/pages\/19\/revisions"}],"predecessor-version":[{"id":526,"href":"https:\/\/drumstage.comercioperemaria.com\/en\/wp-json\/wp\/v2\/pages\/19\/revisions\/526"}],"wp:attachment":[{"href":"https:\/\/drumstage.comercioperemaria.com\/en\/wp-json\/wp\/v2\/media?parent=19"}],"curies":[{"name":"wp","href":"https:\/\/api.w.org\/{rel}","templated":true}]}}